{"id":141,"date":"2024-04-01T10:56:33","date_gmt":"2024-04-01T08:56:33","guid":{"rendered":"https:\/\/erototox.pl\/?page_id=141"},"modified":"2025-01-07T08:49:14","modified_gmt":"2025-01-07T07:49:14","slug":"artysci","status":"publish","type":"page","link":"https:\/\/erototox.pl\/pl\/index.php\/artysci\/","title":{"rendered":"Polska"},"content":{"rendered":"\t\t<div data-elementor-type=\"wp-page\" data-elementor-id=\"141\" class=\"elementor elementor-141\" data-elementor-post-type=\"page\">\n\t\t\t\t\t\t<\/div>\n\t\t","protected":false},"excerpt":{"rendered":"<p>Audio Spirits Ba\u0144ka Go\u015bka Ba\u0144ka Kasai Katarzyna Piszek Leszek Mo\u017cd\u017cer NOR_POL J\u00f8rgen Knudsen &amp; \u0141ukasz Sza\u0142ankiewicz (aka Zenial) Samitowski Iliaster, Dr Zaraza Jak nas znale\u017a\u0107<\/p>\n","protected":false},"author":1,"featured_media":0,"parent":0,"menu_order":0,"comment_status":"closed","ping_status":"closed","template":"","meta":{"footnotes":""},"class_list":["post-141","page","type-page","status-publish","hentry"],"_links":{"self":[{"href":"https:\/\/erototox.pl\/pl\/index.php\/wp-json\/wp\/v2\/pages\/141","targetHints":{"allow":["GET"]}}],"collection":[{"href":"https:\/\/erototox.pl\/pl\/index.php\/wp-json\/wp\/v2\/pages"}],"about":[{"href":"https:\/\/erototox.pl\/pl\/index.php\/wp-json\/wp\/v2\/types\/page"}],"author":[{"embeddable":true,"href":"https:\/\/erototox.pl\/pl\/index.php\/wp-json\/wp\/v2\/users\/1"}],"replies":[{"embeddable":true,"href":"https:\/\/erototox.pl\/pl\/index.php\/wp-json\/wp\/v2\/comments?post=141"}],"version-history":[{"count":13,"href":"https:\/\/erototox.pl\/pl\/index.php\/wp-json\/wp\/v2\/pages\/141\/revisions"}],"predecessor-version":[{"id":497,"href":"https:\/\/erototox.pl\/pl\/index.php\/wp-json\/wp\/v2\/pages\/141\/revisions\/497"}],"wp:attachment":[{"href":"https:\/\/erototox.pl\/pl\/index.php\/wp-json\/wp\/v2\/media?parent=141"}],"curies":[{"name":"wp","href":"https:\/\/api.w.org\/{rel}","templated":true}]}}