{"id":2,"date":"2023-05-26T15:45:02","date_gmt":"2023-05-26T13:45:02","guid":{"rendered":"http:\/\/erototox.pl\/?page_id=2"},"modified":"2025-04-19T13:17:03","modified_gmt":"2025-04-19T11:17:03","slug":"przykladowa-strona","status":"publish","type":"page","link":"https:\/\/erototox.pl\/pl\/","title":{"rendered":""},"content":{"rendered":"\t\t<div data-elementor-type=\"wp-page\" data-elementor-id=\"2\" class=\"elementor elementor-2\" data-elementor-post-type=\"page\">\n\t\t\t\t\t\t<section class=\"elementor-section elementor-top-section elementor-element elementor-element-280368d6 elementor-section-boxed elementor-section-height-default elementor-section-height-default\" data-id=\"280368d6\" data-element_type=\"section\">\n\t\t\t\t\t\t<div class=\"elementor-container elementor-column-gap-default\">\n\t\t\t\t\t<div class=\"elementor-column elementor-col-100 elementor-top-column elementor-element elementor-element-4caeb372\" data-id=\"4caeb372\" data-element_type=\"column\">\n\t\t\t<div class=\"elementor-widget-wrap elementor-element-populated\">\n\t\t\t\t\t\t<div class=\"elementor-element elementor-element-3991c836 elementor-widget elementor-widget-text-editor\" data-id=\"3991c836\" data-element_type=\"widget\" data-widget_type=\"text-editor.default\">\n\t\t\t\t<div class=\"elementor-widget-container\">\n\t\t\t\t\t\t\t\t\t<p><\/p>\n<h1>Witamy na stronie polskiego oddzia\u0142u labelu muzycznego Erototox Decodings.<\/h1>\n<p><\/p>\t\t\t\t\t\t\t\t<\/div>\n\t\t\t\t<\/div>\n\t\t\t\t<div class=\"elementor-element elementor-element-f7f9863 elementor-widget elementor-widget-lucille-latest-music-albums\" data-id=\"f7f9863\" data-element_type=\"widget\" data-widget_type=\"lucille-latest-music-albums.default\">\n\t\t\t\t<div class=\"elementor-widget-container\">\n\t\t\t\t\t\t\t<div class=\"lc_content_full lc_basic_content_padding lc_swp_full\"\r\n\t\t\tdata-offset=\"8\"\r\n\t\t\tdata-per-page=\"8\"\r\n\t\t\tdata-artist=\"0\"\r\n\t\t\tdata-category=\"0\"\r\n\t\t\tdata-total=\"8\"\r\n\t\t\tdata-albumonrow=\"4\">\r\n\t\t\t<div class=\"albums_container clearfix\">\r\n\t\t\t\t\r\n\t\t\t\t\t<div class=\"single_album_item has_right_padding albums_4_on_row\">\r\n\t\t\t\t\t\t<a href=\"https:\/\/erototox.pl\/pl\/index.php\/js_albums\/489\/\">\r\n\t\t\t\t\t\t\t<div class=\"album_image_container lc_swp_background_image\" data-bgimage=\"https:\/\/erototox.pl\/wp-content\/uploads\/2025\/04\/kIRk-eon-COVER-3000-scaled.jpg\">\r\n\t\t\t\t\t\t\t<\/div>\r\n\t\t\t\t\t\t\t<div class=\"album_overlay transition3\"><\/div>\r\n\t\t\t\t\t\t\t<h3 class=\"album_title album_heading transition4\"> eon <\/h3>\r\n\t\t\t\t\t\t\t<h3 class=\"album_artist album_heading transition4\"> kIRk <\/h3>\r\n\t\t\t\t\t\t<\/a>\r\n\t\t\t\t\t<\/div>\r\n\r\n\t\t\t\t\r\n\t\t\t\t\t<div class=\"single_album_item has_right_padding albums_4_on_row\">\r\n\t\t\t\t\t\t<a href=\"https:\/\/erototox.pl\/pl\/index.php\/js_albums\/masken-the-original-soundtrack\/\">\r\n\t\t\t\t\t\t\t<div class=\"album_image_container lc_swp_background_image\" data-bgimage=\"https:\/\/erototox.pl\/wp-content\/uploads\/2025\/01\/IMG_4816.jpeg\">\r\n\t\t\t\t\t\t\t<\/div>\r\n\t\t\t\t\t\t\t<div class=\"album_overlay transition3\"><\/div>\r\n\t\t\t\t\t\t\t<h3 class=\"album_title album_heading transition4\"> Masken (The Original Soundtrack) <\/h3>\r\n\t\t\t\t\t\t\t<h3 class=\"album_artist album_heading transition4\"> Audio Spirits <\/h3>\r\n\t\t\t\t\t\t<\/a>\r\n\t\t\t\t\t<\/div>\r\n\r\n\t\t\t\t\r\n\t\t\t\t\t<div class=\"single_album_item has_right_padding albums_4_on_row\">\r\n\t\t\t\t\t\t<a href=\"https:\/\/erototox.pl\/pl\/index.php\/js_albums\/tribute-to-tibbe\/\">\r\n\t\t\t\t\t\t\t<div class=\"album_image_container lc_swp_background_image\" data-bgimage=\"https:\/\/erototox.pl\/wp-content\/uploads\/2024\/03\/Tribute-To-Tibbe-COVER-scaled.jpg\">\r\n\t\t\t\t\t\t\t<\/div>\r\n\t\t\t\t\t\t\t<div class=\"album_overlay transition3\"><\/div>\r\n\t\t\t\t\t\t\t<h3 class=\"album_title album_heading transition4\"> Tribute to Tibbe <\/h3>\r\n\t\t\t\t\t\t\t<h3 class=\"album_artist album_heading transition4\"> Various Artists - kompilacja <\/h3>\r\n\t\t\t\t\t\t<\/a>\r\n\t\t\t\t\t<\/div>\r\n\r\n\t\t\t\t\r\n\t\t\t\t\t<div class=\"single_album_item albums_4_on_row\">\r\n\t\t\t\t\t\t<a href=\"https:\/\/erototox.pl\/pl\/index.php\/js_albums\/kasai-feat-samitowski-equals-kattegat-session\/\">\r\n\t\t\t\t\t\t\t<div class=\"album_image_container lc_swp_background_image\" data-bgimage=\"https:\/\/erototox.pl\/wp-content\/uploads\/2024\/03\/Obrazek-6.jpg\">\r\n\t\t\t\t\t\t\t<\/div>\r\n\t\t\t\t\t\t\t<div class=\"album_overlay transition3\"><\/div>\r\n\t\t\t\t\t\t\t<h3 class=\"album_title album_heading transition4\"> Equals: Kattegat Session <\/h3>\r\n\t\t\t\t\t\t\t<h3 class=\"album_artist album_heading transition4\"> Kasai feat. Samitowski <\/h3>\r\n\t\t\t\t\t\t<\/a>\r\n\t\t\t\t\t<\/div>\r\n\r\n\t\t\t\t\r\n\t\t\t\t\t<div class=\"single_album_item has_right_padding albums_4_on_row\">\r\n\t\t\t\t\t\t<a href=\"https:\/\/erototox.pl\/pl\/index.php\/js_albums\/truly-the-liturgy\/\">\r\n\t\t\t\t\t\t\t<div class=\"album_image_container lc_swp_background_image\" data-bgimage=\"https:\/\/erototox.pl\/wp-content\/uploads\/2024\/03\/IMG_7561-scaled.jpg\">\r\n\t\t\t\t\t\t\t<\/div>\r\n\t\t\t\t\t\t\t<div class=\"album_overlay transition3\"><\/div>\r\n\t\t\t\t\t\t\t<h3 class=\"album_title album_heading transition4\"> Truly: The Liturgy <\/h3>\r\n\t\t\t\t\t\t\t<h3 class=\"album_artist album_heading transition4\"> Audio Spirits <\/h3>\r\n\t\t\t\t\t\t<\/a>\r\n\t\t\t\t\t<\/div>\r\n\r\n\t\t\t\t\r\n\t\t\t\t\t<div class=\"single_album_item has_right_padding albums_4_on_row\">\r\n\t\t\t\t\t\t<a href=\"https:\/\/erototox.pl\/pl\/index.php\/js_albums\/nor_pol\/\">\r\n\t\t\t\t\t\t\t<div class=\"album_image_container lc_swp_background_image\" data-bgimage=\"https:\/\/erototox.pl\/wp-content\/uploads\/2024\/03\/NOR_POLminuslogo4_2mb-scaled.jpg\">\r\n\t\t\t\t\t\t\t<\/div>\r\n\t\t\t\t\t\t\t<div class=\"album_overlay transition3\"><\/div>\r\n\t\t\t\t\t\t\t<h3 class=\"album_title album_heading transition4\"> &#8211; <\/h3>\r\n\t\t\t\t\t\t\t<h3 class=\"album_artist album_heading transition4\"> NOR_POL <\/h3>\r\n\t\t\t\t\t\t<\/a>\r\n\t\t\t\t\t<\/div>\r\n\r\n\t\t\t\t\r\n\t\t\t\t\t<div class=\"single_album_item has_right_padding albums_4_on_row\">\r\n\t\t\t\t\t\t<a href=\"https:\/\/erototox.pl\/pl\/index.php\/js_albums\/poswiaty\/\">\r\n\t\t\t\t\t\t\t<div class=\"album_image_container lc_swp_background_image\" data-bgimage=\"https:\/\/erototox.pl\/wp-content\/uploads\/2024\/03\/IMG_0462.jpeg\">\r\n\t\t\t\t\t\t\t<\/div>\r\n\t\t\t\t\t\t\t<div class=\"album_overlay transition3\"><\/div>\r\n\t\t\t\t\t\t\t<h3 class=\"album_title album_heading transition4\"> Po\u015bwiaty <\/h3>\r\n\t\t\t\t\t\t\t<h3 class=\"album_artist album_heading transition4\"> Ba\u0144ka | Mo\u017cd\u017cer | Samitowski <\/h3>\r\n\t\t\t\t\t\t<\/a>\r\n\t\t\t\t\t<\/div>\r\n\r\n\t\t\t\t\r\n\t\t\t\t\t<div class=\"single_album_item albums_4_on_row\">\r\n\t\t\t\t\t\t<a href=\"https:\/\/erototox.pl\/pl\/index.php\/js_albums\/pure-love\/\">\r\n\t\t\t\t\t\t\t<div class=\"album_image_container lc_swp_background_image\" data-bgimage=\"https:\/\/erototox.pl\/wp-content\/uploads\/2024\/03\/okladka-scaled.jpg\">\r\n\t\t\t\t\t\t\t<\/div>\r\n\t\t\t\t\t\t\t<div class=\"album_overlay transition3\"><\/div>\r\n\t\t\t\t\t\t\t<h3 class=\"album_title album_heading transition4\"> Pure Love <\/h3>\r\n\t\t\t\t\t\t\t<h3 class=\"album_artist album_heading transition4\"> Ba\u0144ka | Samitowski <\/h3>\r\n\t\t\t\t\t\t<\/a>\r\n\t\t\t\t\t<\/div>\r\n\r\n\t\t\t\t\t\t\t<\/div>\r\n\t\t<\/div>\r\n\r\n\t\t\t\t\t\t<\/div>\n\t\t\t\t<\/div>\n\t\t\t\t\t<\/div>\n\t\t<\/div>\n\t\t\t\t\t<\/div>\n\t\t<\/section>\n\t\t\t\t<\/div>\n\t\t","protected":false},"excerpt":{"rendered":"<p>Witamy na stronie polskiego oddzia\u0142u labelu muzycznego Erototox Decodings. eon kIRk Masken (The Original Soundtrack) Audio Spirits Tribute to Tibbe Various Artists &#8211; kompilacja Equals: Kattegat Session Kasai feat. Samitowski Truly: The Liturgy Audio Spirits &#8211; NOR_POL Po\u015bwiaty Ba\u0144ka |&#8230;<\/p>\n","protected":false},"author":1,"featured_media":0,"parent":0,"menu_order":0,"comment_status":"closed","ping_status":"open","template":"","meta":{"footnotes":""},"class_list":["post-2","page","type-page","status-publish","hentry"],"_links":{"self":[{"href":"https:\/\/erototox.pl\/pl\/index.php\/wp-json\/wp\/v2\/pages\/2","targetHints":{"allow":["GET"]}}],"collection":[{"href":"https:\/\/erototox.pl\/pl\/index.php\/wp-json\/wp\/v2\/pages"}],"about":[{"href":"https:\/\/erototox.pl\/pl\/index.php\/wp-json\/wp\/v2\/types\/page"}],"author":[{"embeddable":true,"href":"https:\/\/erototox.pl\/pl\/index.php\/wp-json\/wp\/v2\/users\/1"}],"replies":[{"embeddable":true,"href":"https:\/\/erototox.pl\/pl\/index.php\/wp-json\/wp\/v2\/comments?post=2"}],"version-history":[{"count":67,"href":"https:\/\/erototox.pl\/pl\/index.php\/wp-json\/wp\/v2\/pages\/2\/revisions"}],"predecessor-version":[{"id":494,"href":"https:\/\/erototox.pl\/pl\/index.php\/wp-json\/wp\/v2\/pages\/2\/revisions\/494"}],"wp:attachment":[{"href":"https:\/\/erototox.pl\/pl\/index.php\/wp-json\/wp\/v2\/media?parent=2"}],"curies":[{"name":"wp","href":"https:\/\/api.w.org\/{rel}","templated":true}]}}